{"id":63,"date":"2025-07-12T22:55:17","date_gmt":"2025-07-12T22:55:17","guid":{"rendered":"https:\/\/restaurante88.pt\/contact-us\/"},"modified":"2025-07-28T09:36:43","modified_gmt":"2025-07-28T09:36:43","slug":"contactos","status":"publish","type":"page","link":"https:\/\/restaurante88.pt\/pt\/contactos\/","title":{"rendered":"Contactos"},"content":{"rendered":"\n<div class=\"section-wrapper\" data-id=\"hol5P1\"><section class=\"wp-block-gutenverse-section guten-element guten-section guten-hol5P1 layout-boxed align-stretch\"><div class=\"guten-container guten-column-gap-no\">\n<div class=\"wp-block-gutenverse-column guten-element guten-column guten-wnS9VU\"><div class=\"guten-column-wrapper\" data-id=\"wnS9VU\">\n<div class=\"wp-block-gutenverse-image guten-element guten-image guten-1lVndU\"><div class=\"guten-image-wrapper\"><img decoding=\"async\" class=\"gutenverse-image-box-filled\" src=\"https:\/\/restaurante88.pt\/wp-content\/uploads\/2025\/07\/restaurante-88-logo-black-1.png\" height=\"177\" width=\"314\"\/><\/div><\/div>\n<\/div><\/div>\n\n\n\n<div class=\"wp-block-gutenverse-column guten-element guten-column guten-hpWyeJ\"><div class=\"guten-column-wrapper\" data-id=\"hpWyeJ\"><div id=\"guten-PIPzmr\" class=\"guten-element guten-nav-menu nav-menu break-point-tablet submenu-click-title \" data-item-indicator=\"gtn gtn-angle-down-solid\" data-close-on-click=\"1\">\n\t\t\t<div class=\"gutenverse-hamburger-wrapper\">\n\t\t\t\t<button class=\"gutenverse-hamburger-menu\" aria-label=>\n\t\t\t\t\t<i aria-hidden=\"true\" class=\"gtn gtn-burger-menu-light\"><\/i>\n\t\t\t\t<\/button>\n\t\t\t<\/div>\n\t\t\t\n\t\t\t<div class=\"gutenverse-menu-wrapper\"><div class=\"gutenverse-menu-container\"><ul id=\"menu-menu\" class=\"gutenverse-menu\"><li id=\"menu-item-134\" class=\"menu-item menu-item-type-post_type menu-item-object-page menu-item-home menu-item-134\"><a href=\"javascript:void(0);\" data-href=\"https:\/\/restaurante88.pt\/pt\/\">Home<\/a><\/li>\n<li id=\"menu-item-135\" class=\"menu-item menu-item-type-post_type menu-item-object-page menu-item-135\"><a href=\"javascript:void(0);\" data-href=\"https:\/\/restaurante88.pt\/pt\/a-chef\/\">Chef<\/a><\/li>\n<li id=\"menu-item-362\" class=\"menu-item menu-item-type-post_type menu-item-object-page menu-item-362\"><a href=\"javascript:void(0);\" data-href=\"https:\/\/restaurante88.pt\/pt\/galeria\/\">Galeria<\/a><\/li>\n<li id=\"menu-item-137\" class=\"menu-item menu-item-type-post_type menu-item-object-page menu-item-137\"><a href=\"javascript:void(0);\" data-href=\"https:\/\/restaurante88.pt\/pt\/contactos\/\">Contactos<\/a><\/li>\n<li id=\"menu-item-445\" class=\"trp-language-switcher-container menu-item menu-item-type-post_type menu-item-object-language_switcher current-language-menu-item menu-item-445\"><a href=\"javascript:void(0);\" data-href=\"https:\/\/restaurante88.pt\/pt\/wp-json\/wp\/v2\/pages\/63\"><span data-no-translation><img decoding=\"async\" class=\"trp-flag-image\" src=\"https:\/\/restaurante88.pt\/wp-content\/plugins\/translatepress-multilingual\/assets\/images\/flags\/en_GB.png\" width=\"18\" height=\"12\" alt=\"en_GB\" title=\"English\"><\/span><\/a><\/li>\n<\/ul><\/div>\n\t\t\t\t<div>\n\t\t\t\t\t<div class=\"gutenverse-nav-identity-panel\">\n\t\t\t\t\t\t<div class=\"gutenverse-nav-site-title\">\n\t\t\t\t\t\t\t<a href=\"https:\/\/restaurante88.pt\/pt\" class=\"gutenverse-nav-logo\"><img decoding=\"async\" src=\"https:\/\/restaurante88.pt\/wp-content\/uploads\/2025\/07\/restaurante-88-logo-black.png\" alt=\"Restaurante 88 - \"><\/a>\n\t\t\t\t\t\t<\/div>\n\t\t\t\t\t\t<button class=\"gutenverse-close-menu\" aria-label=><i aria-hidden=\"true\" class=\"gtn gtn-times-solid\"><\/i><\/button>\n\t\t\t\t\t<\/div>\n\t\t\t\t<\/div>\n\t\t\t<\/div>\n\t\t<\/div><\/div><\/div>\n\n\n\n<div class=\"wp-block-gutenverse-column guten-element guten-column guten-4rdnZv hide-tablet hide-mobile\"><div class=\"guten-column-wrapper\" data-id=\"4rdnZv\">\n<div class=\"guten-element guten-social-icons guten-shTRAB square horizontal fill\">\n<div class=\"guten-element guten-social-icon guten-SmEQYf facebook\"><a id=\"guten-SmEQYf\" href=\"https:\/\/www.facebook.com\/88restaurante.cascais\"><i class=\"fab fa-facebook-f\"><\/i><\/a><\/div>\n\n\n\n<div class=\"guten-element guten-social-icon guten-LpkrbK instagram\"><a id=\"guten-LpkrbK\" href=\"https:\/\/www.instagram.com\/restaurante88.cascais\/\"><i class=\"fab fa-instagram\"><\/i><\/a><\/div>\n\n\n\n<div class=\"guten-element guten-social-icon guten-NRqyD3 tripadvisor\"><a id=\"guten-NRqyD3\" href=\"#\"><i class=\"gtn gtn-tripadvisor\"><\/i><\/a><\/div>\n<\/div>\n<\/div><\/div>\n<\/div><\/section><\/div>\n\n\n\n<div class=\"section-wrapper\" data-id=\"saySuR\"><section class=\"wp-block-gutenverse-section guten-element guten-section guten-saySuR layout-fullwidth align-middle\"><div class=\"guten-background-overlay\"><\/div><div class=\"guten-container guten-column-gap-no\">\n<div class=\"wp-block-gutenverse-column guten-element guten-column guten-dMs7JO\"><div class=\"guten-column-wrapper\" data-id=\"dMs7JO\">\n<h1 class=\"wp-block-gutenverse-heading guten-element guten-76zItA\">Contactos<\/h1>\n<\/div><\/div>\n<\/div><\/section><\/div>\n\n\n\n<div class=\"section-wrapper\" data-id=\"82RDzN\"><section class=\"wp-block-gutenverse-section guten-element guten-section guten-82RDzN layout-boxed align-stretch\"><div class=\"guten-container guten-column-gap-no\">\n<div class=\"wp-block-gutenverse-column guten-element guten-column guten-GAVJ1A\"><div class=\"guten-column-wrapper\" data-id=\"GAVJ1A\">\n<div class=\"guten-element guten-advanced-heading guten-wBHdB8\"><div class=\"heading-section \"><div class=\"heading-line before\"><\/div><h2 class=\"heading-title\"><span class=\"heading-title\">Fique por perto<\/span><span class=\"heading-focus\"><\/span><\/h2><\/div><span class=\"heading-subtitle\">Mantenha o contacto<\/span><\/div>\n\n\n\n<div class=\"guten-element gutenverse-text-editor guten-slC6HX\"><div class=\"text-content-inner\">\n<p>Tem alguma quest\u00e3o, sugest\u00e3o ou pretende reservar uma mesa? Estamos ao seu dispor. A nossa equipa ter\u00e1 todo o gosto em ajudar. Pode contactar-nos por telefone, e-mail ou atrav\u00e9s do formul\u00e1rio abaixo. Responderemos com a maior brevidade poss\u00edvel. Estamos localizados no cora\u00e7\u00e3o de Cascais, onde tradi\u00e7\u00e3o e sabor se encontram. Seja bem-vindo ao Restaurante 88 \u2014 estamos \u00e0 dist\u00e2ncia de um clique. Obrigado pela sua prefer\u00eancia e at\u00e9 j\u00e1.<\/p>\n<\/div><\/div>\n\n\n\n<div class=\"section-wrapper\" data-id=\"3v1C9n\"><section class=\"wp-block-gutenverse-section guten-element guten-section guten-3v1C9n layout-boxed align-stretch\"><div class=\"guten-container guten-column-gap-no\">\n<div class=\"wp-block-gutenverse-column guten-element guten-column guten-fnhnus\"><div class=\"guten-column-wrapper\" data-id=\"fnhnus\">\n<div class=\"guten-element guten-tOVVRU guten-icon-box icon-position-left\"><div class=\"guten-icon-box-wrapper hover-from-left\"><div class=\"icon-box icon-box-header\"><div class=\"icon bg-style-color\"><i class=\"gtn gtn-map-light icon-style-color\"><\/i><\/div><\/div><div class=\"icon-box icon-box-body\"><span class=\"title\">Alameda Combatentes da<br>Grande Guerra 230, 2750-326<br>Cascais<\/span><\/div><\/div><\/div>\n<\/div><\/div>\n\n\n\n<div class=\"wp-block-gutenverse-column guten-element guten-column guten-QVmvw1\"><div class=\"guten-column-wrapper\" data-id=\"QVmvw1\">\n<div class=\"guten-element guten-QECIS8 guten-icon-box icon-position-left\"><div class=\"guten-icon-box-wrapper hover-from-left\"><div class=\"icon-box icon-box-header\"><div class=\"icon bg-style-color\"><i class=\"gtn gtn-phone-call-light icon-style-color\"><\/i><\/div><\/div><div class=\"icon-box icon-box-body\"><span class=\"title\">(+351) 21 870 08 86<\/span><\/div><\/div><\/div>\n<\/div><\/div>\n<\/div><\/section><\/div>\n\n\n\n<div class=\"section-wrapper\" data-id=\"etVPMD\"><section class=\"wp-block-gutenverse-section guten-element guten-section guten-etVPMD layout-boxed align-stretch\"><div class=\"guten-container guten-column-gap-no\">\n<div class=\"wp-block-gutenverse-column guten-element guten-column guten-uuTYat\"><div class=\"guten-column-wrapper\" data-id=\"uuTYat\">\n<div class=\"guten-element guten-0ymjvu guten-icon-box icon-position-left\"><div class=\"guten-icon-box-wrapper hover-from-left\"><div class=\"icon-box icon-box-header\"><div class=\"icon bg-style-color\"><i class=\"gtn gtn-mail-light icon-style-color\"><\/i><\/div><\/div><div class=\"icon-box icon-box-body\"><span class=\"title\"><p style=\"margin-right: 0px; margin-left: 0px; transition: 0.4s; color: var( --e-global-color-03dcd93 ); font-size: 16px;\"><\/p>Info@restaurante88.pt<\/span><\/div><\/div><\/div>\n<\/div><\/div>\n\n\n\n<div class=\"wp-block-gutenverse-column guten-element guten-column guten-uQQ9pc\"><div class=\"guten-column-wrapper\" data-id=\"uQQ9pc\">\n<div class=\"guten-element guten-RMI2cV guten-icon-box icon-position-left\"><div class=\"guten-icon-box-wrapper hover-from-left\"><div class=\"icon-box icon-box-header\"><div class=\"icon bg-style-color\"><i class=\"gtn gtn-clock2-light icon-style-color\"><\/i><\/div><\/div><div class=\"icon-box icon-box-body\"><span class=\"title\"><p style=\"margin-right: 0px; margin-left: 0px; transition: 0.4s; color: var( --e-global-color-03dcd93 ); font-size: 16px;\"><\/p>Almo\u00e7o 12.30 \u2013 15.30<br>Jantar 19:00 \u2013 23.00<\/span><\/div><\/div><\/div>\n<\/div><\/div>\n<\/div><\/section><\/div>\n\n\n\n<div class=\"wp-block-gutenverse-divider guten-element guten-divider guten-HCSG48\"><div class=\"guten-divider-wrapper\"><div class=\"guten-divider-default guten-divider-line guten-divider-regular\"><\/div><\/div><\/div>\n\n\n\n<h6 class=\"wp-block-gutenverse-heading guten-element guten-7br14E\">siga-nos<\/h6>\n\n\n\n<div class=\"guten-element guten-social-icons guten-fkhc7f square horizontal fill\">\n<div class=\"guten-element guten-social-icon guten-LMbp7H facebook\"><a id=\"guten-LMbp7H\" href=\"#\"><i class=\"fab fa-facebook-f\"><\/i><\/a><\/div>\n\n\n\n<div class=\"guten-element guten-social-icon guten-Kii897 instagram\"><a id=\"guten-Kii897\" href=\"#\"><i class=\"fab fa-instagram\"><\/i><\/a><\/div>\n\n\n\n<div class=\"guten-element guten-social-icon guten-IbFjml default\"><a id=\"guten-IbFjml\" href=\"#\"><i class=\"gtn gtn-email-light\"><\/i><\/a><\/div>\n\n\n\n<div class=\"guten-element guten-social-icon guten-60Bszu tripadvisor\"><a id=\"guten-60Bszu\" href=\"#\"><i class=\"gtn gtn-tripadvisor\"><\/i><\/a><\/div>\n<\/div>\n<\/div><\/div>\n\n\n\n<div class=\"wp-block-gutenverse-column guten-element guten-column guten-306HLs\"><div class=\"guten-column-wrapper\" data-id=\"306HLs\">\n<form style=\"display:none\" class=\"guten-element guten-form-builder guten-6GjuF1\" data-form-id=\"434\" data-redirect=\"info@restaurante88.pt\">\n<h3 class=\"wp-block-gutenverse-heading guten-element guten-jhOV7T\">Escreva-nos<\/h3>\n\n\n\n<h2 class=\"wp-block-gutenverse-heading guten-element guten-FUxh99\">Estamos ao seu dispor para qualquer quest\u00e3o.<\/h2>\n\n\n\n<div class=\"section-wrapper\" data-id=\"yRYkrB\"><section class=\"wp-block-gutenverse-section guten-element guten-section guten-yRYkrB layout-boxed align-stretch\"><div class=\"guten-container guten-column-gap-no\">\n<div class=\"wp-block-gutenverse-column guten-element guten-column guten-4zJfFS\"><div class=\"guten-column-wrapper\" data-id=\"4zJfFS\">\n<div class=\"guten-element guten-form-input-text guten-form-input guten-input-position-top guten-R566K7 hide-helper\"><div class=\"label-wrapper\"><label class=\"input-label\">Nome <\/label><span class=\"required-badge\">*<\/span><\/div><div class=\"main-wrapper\"><input data-validation=\"{&quot;type&quot;:&quot;text&quot;,&quot;required&quot;:true,&quot;validationType&quot;:&quot;none&quot;,&quot;validationWarning&quot;:&quot;Input Invalid&quot;}\" placeholder=\"John\" name=\"input-text-name\" class=\"gutenverse-input gutenverse-input-text\" type=\"text\"\/><div class=\"validation-error\">Input Invalid<\/div><\/div><\/div>\n<\/div><\/div>\n\n\n\n<div class=\"wp-block-gutenverse-column guten-element guten-column guten-ogfskn\"><div class=\"guten-column-wrapper\" data-id=\"ogfskn\">\n<div class=\"guten-element guten-form-input-email guten-form-input guten-input-position-top guten-m380RG hide-helper\"><div class=\"label-wrapper\"><label class=\"input-label\">endere\u00e7o de Email <\/label><span class=\"required-badge\">*<\/span><\/div><div class=\"main-wrapper\"><input data-validation=\"{&quot;type&quot;:&quot;email&quot;,&quot;required&quot;:true,&quot;validationType&quot;:&quot;none&quot;,&quot;validationWarning&quot;:&quot;Input Invalid&quot;}\" placeholder=\"email@gmail.com\" name=\"input-email\" class=\"gutenverse-input gutenverse-input-email\" type=\"email\"\/><div class=\"validation-error\">Input Invalid<\/div><\/div><\/div>\n<\/div><\/div>\n<\/div><\/section><\/div>\n\n\n\n<div class=\"guten-element guten-form-input-text guten-form-input guten-input-position-top guten-vpXkdt hide-helper\"><div class=\"label-wrapper\"><label class=\"input-label\">assunto<\/label><span class=\"required-badge\">*<\/span><\/div><div class=\"main-wrapper\"><input data-validation=\"{&quot;type&quot;:&quot;text&quot;,&quot;required&quot;:true,&quot;validationType&quot;:&quot;none&quot;,&quot;validationWarning&quot;:&quot;Input Invalid&quot;}\" placeholder=\"Subject\" name=\"input-text-name\" class=\"gutenverse-input gutenverse-input-text\" type=\"text\"\/><div class=\"validation-error\">Input Invalid<\/div><\/div><\/div>\n\n\n\n<div class=\"guten-element guten-form-input-textarea guten-form-input guten-input-position-top guten-1PkJW2 hide-helper\"><div class=\"label-wrapper\"><label class=\"input-label\">mensagem <\/label><span class=\"required-badge\">*<\/span><\/div><div class=\"main-wrapper\"><textarea data-validation=\"{&quot;type&quot;:&quot;textarea&quot;,&quot;required&quot;:true,&quot;validationType&quot;:&quot;none&quot;,&quot;validationWarning&quot;:&quot;Input Invalid&quot;}\" placeholder=\"Question\" name=\"input-textarea\" class=\"gutenverse-input gutenverse-input-text\"><\/textarea><div class=\"validation-error\">Input Invalid<\/div><\/div><\/div>\n\n\n\n<div class=\"guten-element guten-button-wrapper guten-3cSXBd\"><a class=\"guten-button guten-button-sm\" href=\"#\"><span>enviar<\/span><\/a><\/div>\n<\/form>\n<\/div><\/div>\n<\/div><\/section><\/div>\n\n\n\n<div class=\"section-wrapper\" data-id=\"K6w3bU\"><section class=\"wp-block-gutenverse-section guten-element guten-section guten-K6w3bU layout-boxed align-middle\"><div class=\"guten-background-overlay\"><\/div><div class=\"guten-container guten-column-gap-no\">\n<div class=\"wp-block-gutenverse-column guten-element guten-column guten-696j5f\"><div class=\"guten-column-wrapper\" data-id=\"696j5f\">\n<div class=\"wp-block-gutenverse-divider guten-element guten-divider guten-tgX6wT\"><div class=\"guten-divider-wrapper\"><div class=\"guten-divider-default guten-divider-line guten-divider-regular\"><\/div><span class=\"guten-divider-content\"><span>reservas<\/span><\/span><div class=\"guten-divider-default guten-divider-line guten-divider-regular\"><\/div><\/div><\/div>\n\n\n\n<h2 class=\"wp-block-gutenverse-heading guten-element guten-pXYMHU\">Deseja reservar uma mesa?<\/h2>\n\n\n\n<div class=\"guten-element guten-button-wrapper guten-uYsNgP\"><a class=\"guten-button guten-button-sm\" href=\"https:\/\/www.google.com\/maps\/reserve\/v\/dine\/c\/a1MLDXDUQvM?source=pa&amp;opi=89978449&amp;hl=pt-PT&amp;gei=uk6CaKuICPCmkdUP75WcwQg&amp;sourceurl=https%3A%2F%2Fwww.google.com%2Fsearch%3Fq%3Drestauarnte%2B88%26sca_esv%3Dc29e0acc1e59cdbc%26rlz%3D1C5CHFA_enPT1170PT1171%26sxsrf%3DAE3TifNtoWQLMGpuzDOPK9t3EcWBxppEag%3A1753370293264%26ei%3DtU6CaL7sD5bskdUPvOnK2Q8%26ved%3D0ahUKEwj-mvWr5dWOAxUWdqQEHby0MvsQ4dUDCBA%26uact%3D5%26oq%3Drestauarnte%2B88%26gs_lp%3DEgxnd3Mtd2l6LXNlcnAiDnJlc3RhdWFybnRlIDg4MgcQIxiwAhgnMhAQLhiABBjHARgNGI4FGK8BMgcQABiABBgNMg0QLhiABBjHARgNGK8BMgcQABiABBgNMhAQLhiABBjHARiYBRgNGK8BMgcQABiABBgNMg0QLhiABBjHARgNGK8BMg0QLhiABBjHARgNGK8BMgcQABiABBgNSMsQUABYuQ9wAHgAkAEBmAG6AaABvQ2qAQQxLjEyuAEDyAEA-AEBmAIMoAKMDcICChAjGIAEGCcYigXCAgQQABgDwgIKEC4Y0QMYAxjHAcICCxAAGIAEGLEDGIMBwgIEEC4YA8ICDhAAGIAEGLEDGIMBGIoFwgIQEC4YgAQYsQMYQxiDARiKBcICChAAGIAEGEMYigXCAgUQABiABMICDRAAGIAEGEMYyQMYigXCAgsQABiABBiSAxiKBcICChAuGIAEGEMYigXCAggQABiABBixA8ICBxAAGIAEGArCAgoQABiABBjJAxgKwgINEC4YgAQYxwEYChivAcICBxAjGLECGCfCAhAQABiABBixAxiDARjJAxgKwgIKEAAYgAQYsQMYCsICBhAAGAMYCsICExAuGIAEGLEDGMcBGAoYjgUYrwGYAwCSBwQwLjEyoAeGnAGyBwQwLjEyuAeMDcIHBDItMTLIBzY%26sclient%3Dgws-wiz-serp&amp;ihs=4\"><span>REservar agora<\/span><\/a><\/div>\n<\/div><\/div>\n<\/div><\/section><\/div>\n\n\n\n<div class=\"section-wrapper\" data-id=\"qco1lN\"><section class=\"wp-block-gutenverse-section guten-element guten-section guten-qco1lN layout-fullwidth align-stretch\"><div class=\"guten-container guten-column-gap-no\">\n<div class=\"wp-block-gutenverse-column guten-element guten-column guten-aIHGEN\"><div class=\"guten-column-wrapper\" data-id=\"aIHGEN\">\n<div class=\"section-wrapper\" data-id=\"cAaRZ4\"><section class=\"wp-block-gutenverse-section guten-element guten-section guten-cAaRZ4 layout-boxed align-stretch\"><div class=\"guten-container guten-column-gap-default\">\n<div class=\"wp-block-gutenverse-column guten-element guten-column guten-BDMNTB\"><div class=\"guten-column-wrapper\" data-id=\"BDMNTB\">\n<div class=\"wp-block-gutenverse-image guten-element guten-image guten-9vQoQI ticss-988d1178\"><div class=\"guten-image-wrapper\"><img decoding=\"async\" class=\"gutenverse-image-box-filled\" src=\"https:\/\/restaurante88.pt\/wp-content\/uploads\/2025\/07\/restaurante-88-logo-black.png\" height=\"177\" width=\"168\"\/><\/div><\/div>\n\n\n\n<div class=\"guten-element guten-icon-list guten-E85D2w\"><div class=\" list-wrapper inline-icon-list\">\n<div class=\"guten-element guten-icon-list-item guten-gUE9CE\"><div class=\"list-divider\"><\/div><a id=\"guten-gUE9CE\" href=\"https:\/\/www.google.com\/maps\/reserve\/v\/dine\/c\/a1MLDXDUQvM?source=pa&amp;opi=89978449&amp;hl=pt-PT&amp;gei=V9uEaKGiKaSskdUPs-fA4As&amp;sourceurl=https%3A%2F%2Fwww.google.com%2Fsearch%3Fq%3Drestaurante88%26sca_esv%3Dbd8b7c99eeaeb415%26rlz%3D1C5CHFA_enPT1170PT1171%26sxsrf%3DAE3TifPxtix3iJl1hl7WdExxQwvXDQMzaQ%3A1753537363582%26ei%3DU9uEaLGhI_SmkdUPmMHg2QY%26oq%3Dres%26gs_lp%3DEgxnd3Mtd2l6LXNlcnAiA3JlcyoCCAAyBBAjGCcyChAjGIAEGCcYigUyDRAAGIAEGEMYyQMYigUyCxAAGIAEGJIDGIoFMgsQABiABBiSAxiKBTIKEAAYgAQYQxiKBTIKEAAYgAQYQxiKBTILEAAYgAQYsQMYgwEyChAAGIAEGEMYigUyCBAAGIAEGLEDSOAIUABY2wFwAHgAkAEAmAFioAGVAqoBATO4AQHIAQD4AQGYAgOgAqYCwgIEEAAYA8ICDhAAGIAEGLEDGIMBGIoFwgIKEC4Y0QMYAxjHAcICCBAuGIAEGNQCwgIFEAAYgASYAwCSBwMyLjGgB9kgsgcDMi4xuAemAsIHAzItM8gHDg%26sclient%3Dgws-wiz-serp&amp;ihs=5\"><span class=\"list-text no-icon\">the fork<\/span><\/a><\/div>\n\n\n\n<div class=\"guten-element guten-icon-list-item guten-dCVqcq\"><div class=\"list-divider\"><\/div><a id=\"guten-dCVqcq\" href=\"https:\/\/www.facebook.com\/88restaurante.cascais\"><span class=\"list-text no-icon\">facebook<\/span><\/a><\/div>\n\n\n\n<div class=\"guten-element guten-icon-list-item guten-plHm4H\"><div class=\"list-divider\"><\/div><a id=\"guten-plHm4H\" href=\"https:\/\/www.instagram.com\/restaurante88.cascais\/\"><span class=\"list-text no-icon\">Instagram<\/span><\/a><\/div>\n\n\n\n<div class=\"guten-element guten-icon-list-item guten-3DiBis\"><div class=\"list-divider\"><\/div><a id=\"guten-3DiBis\" href=\"https:\/\/www.tripadvisor.pt\/Restaurant_Review-g189154-d26471526-Reviews-88_Restaurant-Cascais_Lisbon_District_Central_Portugal.html?m=69573\"><span class=\"list-text no-icon\">Trip Advisor<\/span><\/a><\/div>\n<\/div><\/div>\n\n\n\n<h6 class=\"wp-block-gutenverse-heading guten-element guten-99HfiT\">@ 2025 Restaurante 88. Powered by\u00a0<a href=\"https:\/\/brandcode.pt\/\" data-type=\"link\" data-id=\"https:\/\/gutenverse.com\/\" target=\"_blank\" rel=\"noreferrer noopener\">Brandcode<\/a>.<\/h6>\n<\/div><\/div>\n<\/div><\/section><\/div>\n<\/div><\/div>\n<\/div><\/section><\/div>\n","protected":false},"excerpt":{"rendered":"","protected":false},"author":1,"featured_media":0,"parent":0,"menu_order":0,"comment_status":"closed","ping_status":"closed","template":"blank-canvas","meta":{"footnotes":""},"class_list":["post-63","page","type-page","status-publish","hentry"],"_links":{"self":[{"href":"https:\/\/restaurante88.pt\/pt\/wp-json\/wp\/v2\/pages\/63","targetHints":{"allow":["GET"]}}],"collection":[{"href":"https:\/\/restaurante88.pt\/pt\/wp-json\/wp\/v2\/pages"}],"about":[{"href":"https:\/\/restaurante88.pt\/pt\/wp-json\/wp\/v2\/types\/page"}],"author":[{"embeddable":true,"href":"https:\/\/restaurante88.pt\/pt\/wp-json\/wp\/v2\/users\/1"}],"replies":[{"embeddable":true,"href":"https:\/\/restaurante88.pt\/pt\/wp-json\/wp\/v2\/comments?post=63"}],"version-history":[{"count":10,"href":"https:\/\/restaurante88.pt\/pt\/wp-json\/wp\/v2\/pages\/63\/revisions"}],"predecessor-version":[{"id":456,"href":"https:\/\/restaurante88.pt\/pt\/wp-json\/wp\/v2\/pages\/63\/revisions\/456"}],"wp:attachment":[{"href":"https:\/\/restaurante88.pt\/pt\/wp-json\/wp\/v2\/media?parent=63"}],"curies":[{"name":"wp","href":"https:\/\/api.w.org\/{rel}","templated":true}]}}